{"id":1669,"date":"2024-08-27T19:07:04","date_gmt":"2024-08-27T17:07:04","guid":{"rendered":"https:\/\/grupacbar.com\/bloc-acbar\/"},"modified":"2024-12-29T20:09:34","modified_gmt":"2024-12-29T19:09:34","slug":"bloc-acbar","status":"publish","type":"page","link":"https:\/\/grupacbar.com\/ca\/bloc-acbar\/","title":{"rendered":"Bloc AcBar"},"content":{"rendered":"\t\t<div data-elementor-type=\"wp-page\" data-elementor-id=\"1669\" class=\"elementor elementor-1669 elementor-1552\" data-elementor-post-type=\"page\">\n\t\t\t\t<div class=\"elementor-element elementor-element-6cc70a7 e-con-full e-flex e-con e-parent\" data-id=\"6cc70a7\" data-element_type=\"container\" data-e-type=\"container\" data-settings=\"{&quot;background_background&quot;:&quot;classic&quot;,&quot;jet_parallax_layout_list&quot;:[]}\">\n\t\t\t\t<div class=\"elementor-element elementor-element-6e54816 elementor-widget elementor-widget-heading\" data-id=\"6e54816\" data-element_type=\"widget\" data-e-type=\"widget\" data-widget_type=\"heading.default\">\n\t\t\t\t<div class=\"elementor-widget-container\">\n\t\t\t\t\t<h3 class=\"elementor-heading-title elementor-size-default\">Bloc AcBar<\/h3>\t\t\t\t<\/div>\n\t\t\t\t<\/div>\n\t\t\t\t<\/div>\n\t\t<div class=\"elementor-element elementor-element-197a22d e-con-full e-flex e-con e-parent\" data-id=\"197a22d\" data-element_type=\"container\" data-e-type=\"container\" data-settings=\"{&quot;background_background&quot;:&quot;classic&quot;,&quot;jet_parallax_layout_list&quot;:[]}\">\n\t\t\t\t<div class=\"elementor-element elementor-element-e330c36 elementor-laptop-align-left elementor-align-left elementor-widget elementor-widget-breadcrumbs\" data-id=\"e330c36\" data-element_type=\"widget\" data-e-type=\"widget\" data-widget_type=\"breadcrumbs.default\">\n\t\t\t\t<div class=\"elementor-widget-container\">\n\t\t\t\t\t<p id=\"breadcrumbs\"><span><span><a href=\"https:\/\/grupacbar.com\/ca\/inici\/\">Inicio<\/a><\/span><\/span><\/p>\t\t\t\t<\/div>\n\t\t\t\t<\/div>\n\t\t\t\t<\/div>\n\t\t<div class=\"elementor-element elementor-element-76af911 e-con-full e-flex e-con e-parent\" data-id=\"76af911\" data-element_type=\"container\" data-e-type=\"container\" data-settings=\"{&quot;jet_parallax_layout_list&quot;:[]}\">\n\t\t\t\t<div class=\"elementor-element elementor-element-0c412b5 elementor-widget elementor-widget-text-editor\" data-id=\"0c412b5\" data-element_type=\"widget\" data-e-type=\"widget\" data-widget_type=\"text-editor.default\">\n\t\t\t\t<div class=\"elementor-widget-container\">\n\t\t\t\t\t\t\t\t\t<p>Des del nostre bloc <strong><span style=\"color: #2ebae6;\">AcBar Finques i Patrimonis publiquem butlletins i informaci\u00f3<\/span><\/strong> amb contingut relacionat amb l&#8217;administraci\u00f3 de finques, comunitat de propietaris, gesti\u00f3 de patrimonis i gesti\u00f3 de lloguers, informant de les darreres novetats en normatives, lleis i informacions rellevants de tot tipus.<\/p>\n<p>Accedeix sovint al bloc Acbar o <span style=\"color: #2ebae6;\"><strong>segueix-nos a Facebook<\/strong>, <strong>Linkedin<\/strong><\/span> o<strong><span style=\"color: #2ebae6;\"> Instagram <\/span><\/strong>per con\u00e8ixer les darreres publicacions.<\/p>\n\t\t\t\t\t\t\t\t<\/div>\n\t\t\t\t<\/div>\n\t\t\t\t<div class=\"elementor-element elementor-element-e05ff9b elementor-grid-3 elementor-grid-tablet-2 elementor-grid-mobile-1 elementor-posts--thumbnail-top elementor-widget elementor-widget-posts\" data-id=\"e05ff9b\" data-element_type=\"widget\" data-e-type=\"widget\" data-settings=\"{&quot;classic_columns&quot;:&quot;3&quot;,&quot;classic_columns_tablet&quot;:&quot;2&quot;,&quot;classic_columns_mobile&quot;:&quot;1&quot;,&quot;classic_row_gap&quot;:{&quot;unit&quot;:&quot;px&quot;,&quot;size&quot;:35,&quot;sizes&quot;:[]},&quot;classic_row_gap_laptop&quot;:{&quot;unit&quot;:&quot;px&quot;,&quot;size&quot;:&quot;&quot;,&quot;sizes&quot;:[]},&quot;classic_row_gap_tablet&quot;:{&quot;unit&quot;:&quot;px&quot;,&quot;size&quot;:&quot;&quot;,&quot;sizes&quot;:[]},&quot;classic_row_gap_mobile&quot;:{&quot;unit&quot;:&quot;px&quot;,&quot;size&quot;:&quot;&quot;,&quot;sizes&quot;:[]}}\" data-widget_type=\"posts.classic\">\n\t\t\t\t<div class=\"elementor-widget-container\">\n\t\t\t\t\t\t\t<div class=\"elementor-posts-container elementor-posts elementor-posts--skin-classic elementor-grid\" role=\"list\">\n\t\t\t\t<article class=\"elementor-post elementor-grid-item post-2180 post type-post status-publish format-standard has-post-thumbnail hentry category-noticies\" role=\"listitem\">\n\t\t\t\t<a class=\"elementor-post__thumbnail__link\" href=\"https:\/\/grupacbar.com\/ca\/2024\/06\/23\/com-saber-quant-pagava-lanterior-llogater\/\" tabindex=\"-1\" >\n\t\t\t<div class=\"elementor-post__thumbnail\"><img fetchpriority=\"high\" decoding=\"async\" width=\"300\" height=\"300\" src=\"https:\/\/grupacbar.com\/wp-content\/uploads\/2024\/07\/contrato-300x300.jpg\" class=\"attachment-medium size-medium wp-image-1602\" alt=\"\" srcset=\"https:\/\/grupacbar.com\/wp-content\/uploads\/2024\/07\/contrato-300x300.jpg 300w, https:\/\/grupacbar.com\/wp-content\/uploads\/2024\/07\/contrato-100x100.jpg 100w, https:\/\/grupacbar.com\/wp-content\/uploads\/2024\/07\/contrato-600x600.jpg 600w, https:\/\/grupacbar.com\/wp-content\/uploads\/2024\/07\/contrato-150x150.jpg 150w, https:\/\/grupacbar.com\/wp-content\/uploads\/2024\/07\/contrato.jpg 750w\" sizes=\"(max-width: 300px) 100vw, 300px\" \/><\/div>\n\t\t<\/a>\n\t\t\t\t<div class=\"elementor-post__text\">\n\t\t\t\t<h3 class=\"elementor-post__title\">\n\t\t\t<a href=\"https:\/\/grupacbar.com\/ca\/2024\/06\/23\/com-saber-quant-pagava-lanterior-llogater\/\" >\n\t\t\t\tCom saber quant pagava l&#8217;anterior llogater?\t\t\t<\/a>\n\t\t<\/h3>\n\t\t\t\t<div class=\"elementor-post__meta-data\">\n\t\t\t\t\t<span class=\"elementor-post-date\">\n\t\t\t23 de juny de 2024\t\t<\/span>\n\t\t\t\t<\/div>\n\t\t\t\t<div class=\"elementor-post__excerpt\">\n\t\t\t<p>S&#8217;ha iniciat el per\u00edode d&#8217;informaci\u00f3 p\u00fablica per delimitar els municipis que es declararan zones de mercat residencial tensionat i s&#8217;aplicaran les mesures de limitaci\u00f3 de les rendes del lloguer.<\/p>\n\t\t<\/div>\n\t\t\n\t\t<a class=\"elementor-post__read-more\" href=\"https:\/\/grupacbar.com\/ca\/2024\/06\/23\/com-saber-quant-pagava-lanterior-llogater\/\" aria-label=\"Read more about Com saber quant pagava l&#8217;anterior llogater?\" tabindex=\"-1\" >\n\t\t\tLlegir m\u00e9s \u00bb\t\t<\/a>\n\n\t\t\t\t<\/div>\n\t\t\t\t<\/article>\n\t\t\t\t<article class=\"elementor-post elementor-grid-item post-2182 post type-post status-publish format-standard has-post-thumbnail hentry category-noticies\" role=\"listitem\">\n\t\t\t\t<a class=\"elementor-post__thumbnail__link\" href=\"https:\/\/grupacbar.com\/ca\/2024\/06\/16\/despeses-per-vendre-un-habitatge-el-2024\/\" tabindex=\"-1\" >\n\t\t\t<div class=\"elementor-post__thumbnail\"><img decoding=\"async\" width=\"300\" height=\"300\" src=\"https:\/\/grupacbar.com\/wp-content\/uploads\/2024\/07\/Gastos-vivienda-300x300.jpg\" class=\"attachment-medium size-medium wp-image-1604\" alt=\"\" srcset=\"https:\/\/grupacbar.com\/wp-content\/uploads\/2024\/07\/Gastos-vivienda-300x300.jpg 300w, https:\/\/grupacbar.com\/wp-content\/uploads\/2024\/07\/Gastos-vivienda-100x100.jpg 100w, https:\/\/grupacbar.com\/wp-content\/uploads\/2024\/07\/Gastos-vivienda-600x600.jpg 600w, https:\/\/grupacbar.com\/wp-content\/uploads\/2024\/07\/Gastos-vivienda-150x150.jpg 150w, https:\/\/grupacbar.com\/wp-content\/uploads\/2024\/07\/Gastos-vivienda.jpg 750w\" sizes=\"(max-width: 300px) 100vw, 300px\" \/><\/div>\n\t\t<\/a>\n\t\t\t\t<div class=\"elementor-post__text\">\n\t\t\t\t<h3 class=\"elementor-post__title\">\n\t\t\t<a href=\"https:\/\/grupacbar.com\/ca\/2024\/06\/16\/despeses-per-vendre-un-habitatge-el-2024\/\" >\n\t\t\t\tDespeses per vendre un habitatge el 2024\t\t\t<\/a>\n\t\t<\/h3>\n\t\t\t\t<div class=\"elementor-post__meta-data\">\n\t\t\t\t\t<span class=\"elementor-post-date\">\n\t\t\t16 de juny de 2024\t\t<\/span>\n\t\t\t\t<\/div>\n\t\t\t\t<div class=\"elementor-post__excerpt\">\n\t\t\t<p>Vols vendre casa teva i no saps quantes despeses et suposa? Realment no hi ha un simulador que faci el c\u00e0lcul autom\u00e0tic, ja que dep\u00e8n de diversos factors. <\/p>\n\t\t<\/div>\n\t\t\n\t\t<a class=\"elementor-post__read-more\" href=\"https:\/\/grupacbar.com\/ca\/2024\/06\/16\/despeses-per-vendre-un-habitatge-el-2024\/\" aria-label=\"Read more about Despeses per vendre un habitatge el 2024\" tabindex=\"-1\" >\n\t\t\tLlegir m\u00e9s \u00bb\t\t<\/a>\n\n\t\t\t\t<\/div>\n\t\t\t\t<\/article>\n\t\t\t\t<article class=\"elementor-post elementor-grid-item post-2184 post type-post status-publish format-standard has-post-thumbnail hentry category-noticies\" role=\"listitem\">\n\t\t\t\t<a class=\"elementor-post__thumbnail__link\" href=\"https:\/\/grupacbar.com\/ca\/2024\/06\/08\/consells-per-combatre-la-calor-a-casa-i-estalviar-energia\/\" tabindex=\"-1\" >\n\t\t\t<div class=\"elementor-post__thumbnail\"><img decoding=\"async\" width=\"300\" height=\"300\" src=\"https:\/\/grupacbar.com\/wp-content\/uploads\/2024\/07\/Consejos-300x300.jpg\" class=\"attachment-medium size-medium wp-image-1603\" alt=\"\" srcset=\"https:\/\/grupacbar.com\/wp-content\/uploads\/2024\/07\/Consejos-300x300.jpg 300w, https:\/\/grupacbar.com\/wp-content\/uploads\/2024\/07\/Consejos-100x100.jpg 100w, https:\/\/grupacbar.com\/wp-content\/uploads\/2024\/07\/Consejos-600x600.jpg 600w, https:\/\/grupacbar.com\/wp-content\/uploads\/2024\/07\/Consejos-1024x1024.jpg 1024w, https:\/\/grupacbar.com\/wp-content\/uploads\/2024\/07\/Consejos-150x150.jpg 150w, https:\/\/grupacbar.com\/wp-content\/uploads\/2024\/07\/Consejos-768x768.jpg 768w, https:\/\/grupacbar.com\/wp-content\/uploads\/2024\/07\/Consejos.jpg 1080w\" sizes=\"(max-width: 300px) 100vw, 300px\" \/><\/div>\n\t\t<\/a>\n\t\t\t\t<div class=\"elementor-post__text\">\n\t\t\t\t<h3 class=\"elementor-post__title\">\n\t\t\t<a href=\"https:\/\/grupacbar.com\/ca\/2024\/06\/08\/consells-per-combatre-la-calor-a-casa-i-estalviar-energia\/\" >\n\t\t\t\tConsells per combatre la calor a casa i estalviar energia\t\t\t<\/a>\n\t\t<\/h3>\n\t\t\t\t<div class=\"elementor-post__meta-data\">\n\t\t\t\t\t<span class=\"elementor-post-date\">\n\t\t\t8 de juny de 2024\t\t<\/span>\n\t\t\t\t<\/div>\n\t\t\t\t<div class=\"elementor-post__excerpt\">\n\t\t\t<p>Amb l&#8217;arribada del bon temps, toca posar fil a l&#8217;agulla amb moltes coses a casa. Arriben les altes temperatures i conv\u00e9 deixar-ho tot preparat per suportar-les. I \u00e9s que tantes hores de sol acaben escalfant les cases i agafar el son pot ser dif\u00edcil.  <\/p>\n\t\t<\/div>\n\t\t\n\t\t<a class=\"elementor-post__read-more\" href=\"https:\/\/grupacbar.com\/ca\/2024\/06\/08\/consells-per-combatre-la-calor-a-casa-i-estalviar-energia\/\" aria-label=\"Read more about Consells per combatre la calor a casa i estalviar energia\" tabindex=\"-1\" >\n\t\t\tLlegir m\u00e9s \u00bb\t\t<\/a>\n\n\t\t\t\t<\/div>\n\t\t\t\t<\/article>\n\t\t\t\t<article class=\"elementor-post elementor-grid-item post-2186 post type-post status-publish format-standard has-post-thumbnail hentry category-noticies\" role=\"listitem\">\n\t\t\t\t<a class=\"elementor-post__thumbnail__link\" href=\"https:\/\/grupacbar.com\/ca\/2024\/06\/02\/tendencies-de-decoracio-per-a-aquest-estiu\/\" tabindex=\"-1\" >\n\t\t\t<div class=\"elementor-post__thumbnail\"><img loading=\"lazy\" decoding=\"async\" width=\"300\" height=\"300\" src=\"https:\/\/grupacbar.com\/wp-content\/uploads\/2024\/07\/Tendencias-300x300.jpg\" class=\"attachment-medium size-medium wp-image-1605\" alt=\"\" srcset=\"https:\/\/grupacbar.com\/wp-content\/uploads\/2024\/07\/Tendencias-300x300.jpg 300w, https:\/\/grupacbar.com\/wp-content\/uploads\/2024\/07\/Tendencias-100x100.jpg 100w, https:\/\/grupacbar.com\/wp-content\/uploads\/2024\/07\/Tendencias-600x600.jpg 600w, https:\/\/grupacbar.com\/wp-content\/uploads\/2024\/07\/Tendencias-150x150.jpg 150w, https:\/\/grupacbar.com\/wp-content\/uploads\/2024\/07\/Tendencias.jpg 750w\" sizes=\"(max-width: 300px) 100vw, 300px\" \/><\/div>\n\t\t<\/a>\n\t\t\t\t<div class=\"elementor-post__text\">\n\t\t\t\t<h3 class=\"elementor-post__title\">\n\t\t\t<a href=\"https:\/\/grupacbar.com\/ca\/2024\/06\/02\/tendencies-de-decoracio-per-a-aquest-estiu\/\" >\n\t\t\t\tTend\u00e8ncies de decoraci\u00f3 per a aquest estiu\t\t\t<\/a>\n\t\t<\/h3>\n\t\t\t\t<div class=\"elementor-post__meta-data\">\n\t\t\t\t\t<span class=\"elementor-post-date\">\n\t\t\t2 de juny de 2024\t\t<\/span>\n\t\t\t\t<\/div>\n\t\t\t\t<div class=\"elementor-post__excerpt\">\n\t\t\t<p>Arriba el moment de donar un aire m\u00e9s estiuenc a casa teva. L&#8217;arribada de l&#8217;estiu \u00e9s el moment perfecte per renovar la nostra llar i impregnar-lo d&#8217;un esperit molt m\u00e9s fresc, revitalitzant, amb colors freds i alegres. <\/p>\n\t\t<\/div>\n\t\t\n\t\t<a class=\"elementor-post__read-more\" href=\"https:\/\/grupacbar.com\/ca\/2024\/06\/02\/tendencies-de-decoracio-per-a-aquest-estiu\/\" aria-label=\"Read more about Tend\u00e8ncies de decoraci\u00f3 per a aquest estiu\" tabindex=\"-1\" >\n\t\t\tLlegir m\u00e9s \u00bb\t\t<\/a>\n\n\t\t\t\t<\/div>\n\t\t\t\t<\/article>\n\t\t\t\t<article class=\"elementor-post elementor-grid-item post-2188 post type-post status-publish format-standard has-post-thumbnail hentry category-noticies\" role=\"listitem\">\n\t\t\t\t<a class=\"elementor-post__thumbnail__link\" href=\"https:\/\/grupacbar.com\/ca\/2024\/05\/25\/que-es-el-butlleti-electric\/\" tabindex=\"-1\" >\n\t\t\t<div class=\"elementor-post__thumbnail\"><img loading=\"lazy\" decoding=\"async\" width=\"300\" height=\"300\" src=\"https:\/\/grupacbar.com\/wp-content\/uploads\/2024\/07\/Boletin-electrico-300x300.jpg\" class=\"attachment-medium size-medium wp-image-1606\" alt=\"\" srcset=\"https:\/\/grupacbar.com\/wp-content\/uploads\/2024\/07\/Boletin-electrico-300x300.jpg 300w, https:\/\/grupacbar.com\/wp-content\/uploads\/2024\/07\/Boletin-electrico-100x100.jpg 100w, https:\/\/grupacbar.com\/wp-content\/uploads\/2024\/07\/Boletin-electrico-600x600.jpg 600w, https:\/\/grupacbar.com\/wp-content\/uploads\/2024\/07\/Boletin-electrico-150x150.jpg 150w, https:\/\/grupacbar.com\/wp-content\/uploads\/2024\/07\/Boletin-electrico.jpg 750w\" sizes=\"(max-width: 300px) 100vw, 300px\" \/><\/div>\n\t\t<\/a>\n\t\t\t\t<div class=\"elementor-post__text\">\n\t\t\t\t<h3 class=\"elementor-post__title\">\n\t\t\t<a href=\"https:\/\/grupacbar.com\/ca\/2024\/05\/25\/que-es-el-butlleti-electric\/\" >\n\t\t\t\tQu\u00e8 \u00e9s el butllet\u00ed el\u00e8ctric?\t\t\t<\/a>\n\t\t<\/h3>\n\t\t\t\t<div class=\"elementor-post__meta-data\">\n\t\t\t\t\t<span class=\"elementor-post-date\">\n\t\t\t25 de maig de 2024\t\t<\/span>\n\t\t\t\t<\/div>\n\t\t\t\t<div class=\"elementor-post__excerpt\">\n\t\t\t<p>El butllet\u00ed el\u00e8ctric \u00e9s un document b\u00e0sic per tenir llum a casa. Tamb\u00e9 conegut com a butllet\u00ed de llum o d&#8217;instal\u00b7laci\u00f3 el\u00e8ctrica \u00e9s un document amb qu\u00e8 has de comptar si vols tenir electricitat a la teva llar, per aix\u00f2 \u00e9s important que s\u00e0pigues com obtenir-lo&#8230; <\/p>\n\t\t<\/div>\n\t\t\n\t\t<a class=\"elementor-post__read-more\" href=\"https:\/\/grupacbar.com\/ca\/2024\/05\/25\/que-es-el-butlleti-electric\/\" aria-label=\"Read more about Qu\u00e8 \u00e9s el butllet\u00ed el\u00e8ctric?\" tabindex=\"-1\" >\n\t\t\tLlegir m\u00e9s \u00bb\t\t<\/a>\n\n\t\t\t\t<\/div>\n\t\t\t\t<\/article>\n\t\t\t\t<\/div>\n\t\t\n\t\t\t\t\t\t<\/div>\n\t\t\t\t<\/div>\n\t\t\t\t<\/div>\n\t\t\t\t<\/div>\n\t\t","protected":false},"excerpt":{"rendered":"<p>Bloc AcBar Des del nostre bloc AcBar Finques i Patrimonis publiquem butlletins i informaci\u00f3 amb contingut relacionat amb l&#8217;administraci\u00f3 de finques, comunitat de propietaris, gesti\u00f3 de patrimonis i gesti\u00f3 de lloguers, informant de les darreres novetats en normatives, lleis i informacions rellevants de tot tipus. Accedeix sovint al bloc Acbar o segueix-nos a Facebook, Linkedin &#8230; <a title=\"Qu\u00e8 \u00e9s el butllet\u00ed el\u00e8ctric?\" class=\"read-more\" href=\"https:\/\/grupacbar.com\/ca\/2024\/05\/25\/que-es-el-butlleti-electric\/\" aria-label=\"M\u00e9s informaci\u00f3 sobre Qu\u00e8 \u00e9s el butllet\u00ed el\u00e8ctric?\">Llegiu m\u00e9s<\/a><\/p>\n","protected":false},"author":1,"featured_media":0,"parent":0,"menu_order":0,"comment_status":"closed","ping_status":"closed","template":"","meta":{"footnotes":""},"class_list":["post-1669","page","type-page","status-publish","hentry"],"yoast_head":"<!-- This site is optimized with the Yoast SEO plugin v27.1.1 - https:\/\/yoast.com\/product\/yoast-seo-wordpress\/ -->\n<title>Blog de not\u00edcies i articles d&#039;actualitat | Acbar Finques i Patrimonis<\/title>\n<meta name=\"description\" content=\"Aqu\u00ed trobareu el nostre blog amb not\u00edcies i articles d&#039;actualitat del Grup Acbar\" \/>\n<meta name=\"robots\" content=\"index, follow, max-snippet:-1, max-image-preview:large, max-video-preview:-1\" \/>\n<link rel=\"canonical\" href=\"https:\/\/grupacbar.com\/ca\/bloc-acbar\/\" \/>\n<meta property=\"og:locale\" content=\"ca_ES\" \/>\n<meta property=\"og:type\" content=\"article\" \/>\n<meta property=\"og:title\" content=\"Blog de not\u00edcies i articles d&#039;actualitat | Acbar Finques i Patrimonis\" \/>\n<meta property=\"og:description\" content=\"Aqu\u00ed trobareu el nostre blog amb not\u00edcies i articles d&#039;actualitat del Grup Acbar\" \/>\n<meta property=\"og:url\" content=\"https:\/\/grupacbar.com\/ca\/bloc-acbar\/\" \/>\n<meta property=\"og:site_name\" content=\"AcBar Finques i Patrimonis\" \/>\n<meta property=\"article:publisher\" content=\"https:\/\/www.facebook.com\/BarreroAsociados\/\" \/>\n<meta property=\"article:modified_time\" content=\"2024-12-29T19:09:34+00:00\" \/>\n<meta name=\"twitter:card\" content=\"summary_large_image\" \/>\n<meta name=\"twitter:label1\" content=\"Temps estimat de lectura\" \/>\n\t<meta name=\"twitter:data1\" content=\"3 minuts\" \/>\n<script type=\"application\/ld+json\" class=\"yoast-schema-graph\">{\"@context\":\"https:\/\/schema.org\",\"@graph\":[{\"@type\":\"WebPage\",\"@id\":\"https:\/\/grupacbar.com\/ca\/bloc-acbar\/\",\"url\":\"https:\/\/grupacbar.com\/ca\/bloc-acbar\/\",\"name\":\"Blog de not\u00edcies i articles d'actualitat | Acbar Finques i Patrimonis\",\"isPartOf\":{\"@id\":\"https:\/\/grupacbar.com\/ca\/#website\"},\"datePublished\":\"2024-08-27T17:07:04+00:00\",\"dateModified\":\"2024-12-29T19:09:34+00:00\",\"description\":\"Aqu\u00ed trobareu el nostre blog amb not\u00edcies i articles d'actualitat del Grup Acbar\",\"breadcrumb\":{\"@id\":\"https:\/\/grupacbar.com\/ca\/bloc-acbar\/#breadcrumb\"},\"inLanguage\":\"ca\",\"potentialAction\":[{\"@type\":\"ReadAction\",\"target\":[\"https:\/\/grupacbar.com\/ca\/bloc-acbar\/\"]}]},{\"@type\":\"BreadcrumbList\",\"@id\":\"https:\/\/grupacbar.com\/ca\/bloc-acbar\/#breadcrumb\",\"itemListElement\":[{\"@type\":\"ListItem\",\"position\":1,\"name\":\"Inicio\",\"item\":\"https:\/\/grupacbar.com\/ca\/inici\/\"},{\"@type\":\"ListItem\",\"position\":2,\"name\":\"Bloc AcBar\"}]},{\"@type\":\"WebSite\",\"@id\":\"https:\/\/grupacbar.com\/ca\/#website\",\"url\":\"https:\/\/grupacbar.com\/ca\/\",\"name\":\"AcBar Finques i Patrimonis\",\"description\":\"\",\"publisher\":{\"@id\":\"https:\/\/grupacbar.com\/ca\/#organization\"},\"alternateName\":\"AcBar Finques i Patrimonis\",\"potentialAction\":[{\"@type\":\"SearchAction\",\"target\":{\"@type\":\"EntryPoint\",\"urlTemplate\":\"https:\/\/grupacbar.com\/ca\/?s={search_term_string}\"},\"query-input\":{\"@type\":\"PropertyValueSpecification\",\"valueRequired\":true,\"valueName\":\"search_term_string\"}}],\"inLanguage\":\"ca\"},{\"@type\":\"Organization\",\"@id\":\"https:\/\/grupacbar.com\/ca\/#organization\",\"name\":\"AcBar Finques i Patrimonis\",\"alternateName\":\"AcBar Grup\",\"url\":\"https:\/\/grupacbar.com\/ca\/\",\"logo\":{\"@type\":\"ImageObject\",\"inLanguage\":\"ca\",\"@id\":\"https:\/\/grupacbar.com\/ca\/#\/schema\/logo\/image\/\",\"url\":\"https:\/\/grupacbar.com\/wp-content\/uploads\/2025\/03\/logo-grupacbar.png\",\"contentUrl\":\"https:\/\/grupacbar.com\/wp-content\/uploads\/2025\/03\/logo-grupacbar.png\",\"width\":268,\"height\":90,\"caption\":\"AcBar Finques i Patrimonis\"},\"image\":{\"@id\":\"https:\/\/grupacbar.com\/ca\/#\/schema\/logo\/image\/\"},\"sameAs\":[\"https:\/\/www.facebook.com\/BarreroAsociados\/\",\"https:\/\/www.youtube.com\/@AcBarGrup\",\"https:\/\/www.instagram.com\/acbarfinquesipatrimonis\/\"]}]}<\/script>\n<!-- \/ Yoast SEO plugin. -->","yoast_head_json":{"title":"Blog de not\u00edcies i articles d'actualitat | Acbar Finques i Patrimonis","description":"Aqu\u00ed trobareu el nostre blog amb not\u00edcies i articles d'actualitat del Grup Acbar","robots":{"index":"index","follow":"follow","max-snippet":"max-snippet:-1","max-image-preview":"max-image-preview:large","max-video-preview":"max-video-preview:-1"},"canonical":"https:\/\/grupacbar.com\/ca\/bloc-acbar\/","og_locale":"ca_ES","og_type":"article","og_title":"Blog de not\u00edcies i articles d'actualitat | Acbar Finques i Patrimonis","og_description":"Aqu\u00ed trobareu el nostre blog amb not\u00edcies i articles d'actualitat del Grup Acbar","og_url":"https:\/\/grupacbar.com\/ca\/bloc-acbar\/","og_site_name":"AcBar Finques i Patrimonis","article_publisher":"https:\/\/www.facebook.com\/BarreroAsociados\/","article_modified_time":"2024-12-29T19:09:34+00:00","twitter_card":"summary_large_image","twitter_misc":{"Temps estimat de lectura":"3 minuts"},"schema":{"@context":"https:\/\/schema.org","@graph":[{"@type":"WebPage","@id":"https:\/\/grupacbar.com\/ca\/bloc-acbar\/","url":"https:\/\/grupacbar.com\/ca\/bloc-acbar\/","name":"Blog de not\u00edcies i articles d'actualitat | Acbar Finques i Patrimonis","isPartOf":{"@id":"https:\/\/grupacbar.com\/ca\/#website"},"datePublished":"2024-08-27T17:07:04+00:00","dateModified":"2024-12-29T19:09:34+00:00","description":"Aqu\u00ed trobareu el nostre blog amb not\u00edcies i articles d'actualitat del Grup Acbar","breadcrumb":{"@id":"https:\/\/grupacbar.com\/ca\/bloc-acbar\/#breadcrumb"},"inLanguage":"ca","potentialAction":[{"@type":"ReadAction","target":["https:\/\/grupacbar.com\/ca\/bloc-acbar\/"]}]},{"@type":"BreadcrumbList","@id":"https:\/\/grupacbar.com\/ca\/bloc-acbar\/#breadcrumb","itemListElement":[{"@type":"ListItem","position":1,"name":"Inicio","item":"https:\/\/grupacbar.com\/ca\/inici\/"},{"@type":"ListItem","position":2,"name":"Bloc AcBar"}]},{"@type":"WebSite","@id":"https:\/\/grupacbar.com\/ca\/#website","url":"https:\/\/grupacbar.com\/ca\/","name":"AcBar Finques i Patrimonis","description":"","publisher":{"@id":"https:\/\/grupacbar.com\/ca\/#organization"},"alternateName":"AcBar Finques i Patrimonis","potentialAction":[{"@type":"SearchAction","target":{"@type":"EntryPoint","urlTemplate":"https:\/\/grupacbar.com\/ca\/?s={search_term_string}"},"query-input":{"@type":"PropertyValueSpecification","valueRequired":true,"valueName":"search_term_string"}}],"inLanguage":"ca"},{"@type":"Organization","@id":"https:\/\/grupacbar.com\/ca\/#organization","name":"AcBar Finques i Patrimonis","alternateName":"AcBar Grup","url":"https:\/\/grupacbar.com\/ca\/","logo":{"@type":"ImageObject","inLanguage":"ca","@id":"https:\/\/grupacbar.com\/ca\/#\/schema\/logo\/image\/","url":"https:\/\/grupacbar.com\/wp-content\/uploads\/2025\/03\/logo-grupacbar.png","contentUrl":"https:\/\/grupacbar.com\/wp-content\/uploads\/2025\/03\/logo-grupacbar.png","width":268,"height":90,"caption":"AcBar Finques i Patrimonis"},"image":{"@id":"https:\/\/grupacbar.com\/ca\/#\/schema\/logo\/image\/"},"sameAs":["https:\/\/www.facebook.com\/BarreroAsociados\/","https:\/\/www.youtube.com\/@AcBarGrup","https:\/\/www.instagram.com\/acbarfinquesipatrimonis\/"]}]}},"_links":{"self":[{"href":"https:\/\/grupacbar.com\/ca\/wp-json\/wp\/v2\/pages\/1669","targetHints":{"allow":["GET"]}}],"collection":[{"href":"https:\/\/grupacbar.com\/ca\/wp-json\/wp\/v2\/pages"}],"about":[{"href":"https:\/\/grupacbar.com\/ca\/wp-json\/wp\/v2\/types\/page"}],"author":[{"embeddable":true,"href":"https:\/\/grupacbar.com\/ca\/wp-json\/wp\/v2\/users\/1"}],"replies":[{"embeddable":true,"href":"https:\/\/grupacbar.com\/ca\/wp-json\/wp\/v2\/comments?post=1669"}],"version-history":[{"count":5,"href":"https:\/\/grupacbar.com\/ca\/wp-json\/wp\/v2\/pages\/1669\/revisions"}],"predecessor-version":[{"id":2511,"href":"https:\/\/grupacbar.com\/ca\/wp-json\/wp\/v2\/pages\/1669\/revisions\/2511"}],"wp:attachment":[{"href":"https:\/\/grupacbar.com\/ca\/wp-json\/wp\/v2\/media?parent=1669"}],"curies":[{"name":"wp","href":"https:\/\/api.w.org\/{rel}","templated":true}]}}