{"id":2519,"date":"2024-08-27T19:07:04","date_gmt":"2024-08-27T17:07:04","guid":{"rendered":"https:\/\/grupacbar.com\/blog-acbar\/"},"modified":"2025-01-26T11:28:43","modified_gmt":"2025-01-26T10:28:43","slug":"blog-acbar","status":"publish","type":"page","link":"https:\/\/grupacbar.com\/en\/blog-acbar\/","title":{"rendered":"Blog AcBar"},"content":{"rendered":"\t\t<div data-elementor-type=\"wp-page\" data-elementor-id=\"2519\" class=\"elementor elementor-2519 elementor-1552\" data-elementor-post-type=\"page\">\n\t\t\t\t<div class=\"elementor-element elementor-element-6cc70a7 e-con-full e-flex e-con e-parent\" data-id=\"6cc70a7\" data-element_type=\"container\" data-e-type=\"container\" data-settings=\"{&quot;background_background&quot;:&quot;classic&quot;,&quot;jet_parallax_layout_list&quot;:[]}\">\n\t\t\t\t<div class=\"elementor-element elementor-element-6e54816 elementor-widget elementor-widget-heading\" data-id=\"6e54816\" data-element_type=\"widget\" data-e-type=\"widget\" data-widget_type=\"heading.default\">\n\t\t\t\t<div class=\"elementor-widget-container\">\n\t\t\t\t\t<h3 class=\"elementor-heading-title elementor-size-default\">Blog AcBar<\/h3>\t\t\t\t<\/div>\n\t\t\t\t<\/div>\n\t\t\t\t<\/div>\n\t\t<div class=\"elementor-element elementor-element-197a22d e-con-full e-flex e-con e-parent\" data-id=\"197a22d\" data-element_type=\"container\" data-e-type=\"container\" data-settings=\"{&quot;background_background&quot;:&quot;classic&quot;,&quot;jet_parallax_layout_list&quot;:[]}\">\n\t\t\t\t<div class=\"elementor-element elementor-element-e330c36 elementor-laptop-align-left elementor-align-left elementor-widget elementor-widget-breadcrumbs\" data-id=\"e330c36\" data-element_type=\"widget\" data-e-type=\"widget\" data-widget_type=\"breadcrumbs.default\">\n\t\t\t\t<div class=\"elementor-widget-container\">\n\t\t\t\t\t<p id=\"breadcrumbs\"><span><span><a href=\"https:\/\/grupacbar.com\/en\/home\/\">Inicio<\/a><\/span><\/span><\/p>\t\t\t\t<\/div>\n\t\t\t\t<\/div>\n\t\t\t\t<\/div>\n\t\t<div class=\"elementor-element elementor-element-76af911 e-con-full e-flex e-con e-parent\" data-id=\"76af911\" data-element_type=\"container\" data-e-type=\"container\" data-settings=\"{&quot;jet_parallax_layout_list&quot;:[]}\">\n\t\t\t\t<div class=\"elementor-element elementor-element-0c412b5 elementor-widget elementor-widget-text-editor\" data-id=\"0c412b5\" data-element_type=\"widget\" data-e-type=\"widget\" data-widget_type=\"text-editor.default\">\n\t\t\t\t<div class=\"elementor-widget-container\">\n\t\t\t\t\t\t\t\t\t<p>From our <span style=\"color: #2ebae6;\"><strong>blog AcBar Finques i Patrimonis we publish bulletins and information <\/strong><\/span>with content related to property administration, community of owners, asset management and rental management, reporting on the latest developments in regulations, laws and relevant information of all kinds.<\/p>\n<p>Frequently access the Acbar blog or <span style=\"color: #2ebae6;\"><strong>follow us on Facebook<\/strong>, <strong>Linkedin <\/strong><\/span>or<strong><span style=\"color: #2ebae6;\"> Instagram<\/span> <\/strong>to see the latest publications.<\/p>\n\t\t\t\t\t\t\t\t<\/div>\n\t\t\t\t<\/div>\n\t\t\t\t<div class=\"elementor-element elementor-element-e05ff9b elementor-grid-3 elementor-grid-tablet-2 elementor-grid-mobile-1 elementor-posts--thumbnail-top elementor-widget elementor-widget-posts\" data-id=\"e05ff9b\" data-element_type=\"widget\" data-e-type=\"widget\" data-settings=\"{&quot;classic_columns&quot;:&quot;3&quot;,&quot;classic_columns_tablet&quot;:&quot;2&quot;,&quot;classic_columns_mobile&quot;:&quot;1&quot;,&quot;classic_row_gap&quot;:{&quot;unit&quot;:&quot;px&quot;,&quot;size&quot;:35,&quot;sizes&quot;:[]},&quot;classic_row_gap_laptop&quot;:{&quot;unit&quot;:&quot;px&quot;,&quot;size&quot;:&quot;&quot;,&quot;sizes&quot;:[]},&quot;classic_row_gap_tablet&quot;:{&quot;unit&quot;:&quot;px&quot;,&quot;size&quot;:&quot;&quot;,&quot;sizes&quot;:[]},&quot;classic_row_gap_mobile&quot;:{&quot;unit&quot;:&quot;px&quot;,&quot;size&quot;:&quot;&quot;,&quot;sizes&quot;:[]}}\" data-widget_type=\"posts.classic\">\n\t\t\t\t<div class=\"elementor-widget-container\">\n\t\t\t\t\t\t\t<div class=\"elementor-posts-container elementor-posts elementor-posts--skin-classic elementor-grid\" role=\"list\">\n\t\t\t\t<article class=\"elementor-post elementor-grid-item post-2598 post type-post status-publish format-standard has-post-thumbnail hentry category-news\" role=\"listitem\">\n\t\t\t\t<a class=\"elementor-post__thumbnail__link\" href=\"https:\/\/grupacbar.com\/en\/2024\/06\/23\/como-saber-cuanto-pagaba-el-anterior-inquilino\/\" tabindex=\"-1\" >\n\t\t\t<div class=\"elementor-post__thumbnail\"><img fetchpriority=\"high\" decoding=\"async\" width=\"300\" height=\"300\" src=\"https:\/\/grupacbar.com\/wp-content\/uploads\/2024\/07\/contrato-300x300.jpg\" class=\"attachment-medium size-medium wp-image-2599\" alt=\"\" srcset=\"https:\/\/grupacbar.com\/wp-content\/uploads\/2024\/07\/contrato-300x300.jpg 300w, https:\/\/grupacbar.com\/wp-content\/uploads\/2024\/07\/contrato-100x100.jpg 100w, https:\/\/grupacbar.com\/wp-content\/uploads\/2024\/07\/contrato-600x600.jpg 600w, https:\/\/grupacbar.com\/wp-content\/uploads\/2024\/07\/contrato-150x150.jpg 150w, https:\/\/grupacbar.com\/wp-content\/uploads\/2024\/07\/contrato.jpg 750w\" sizes=\"(max-width: 300px) 100vw, 300px\" \/><\/div>\n\t\t<\/a>\n\t\t\t\t<div class=\"elementor-post__text\">\n\t\t\t\t<h3 class=\"elementor-post__title\">\n\t\t\t<a href=\"https:\/\/grupacbar.com\/en\/2024\/06\/23\/como-saber-cuanto-pagaba-el-anterior-inquilino\/\" >\n\t\t\t\t\u00bfC\u00f3mo saber cu\u00e1nto pagaba el anterior inquilino?\t\t\t<\/a>\n\t\t<\/h3>\n\t\t\t\t<div class=\"elementor-post__meta-data\">\n\t\t\t\t\t<span class=\"elementor-post-date\">\n\t\t\t23 de June de 2024\t\t<\/span>\n\t\t\t\t<\/div>\n\t\t\t\t<div class=\"elementor-post__excerpt\">\n\t\t\t<p>Se ha iniciado el periodo de informaci\u00f3n p\u00fablica para delimitar los municipios que se declarar\u00e1n zonas de mercado residencial tensionado y donde se aplicar\u00e1n las medidas de limitaci\u00f3n de las rentas del alquiler.<\/p>\n\t\t<\/div>\n\t\t\n\t\t<a class=\"elementor-post__read-more\" href=\"https:\/\/grupacbar.com\/en\/2024\/06\/23\/como-saber-cuanto-pagaba-el-anterior-inquilino\/\" aria-label=\"Read more about \u00bfC\u00f3mo saber cu\u00e1nto pagaba el anterior inquilino?\" tabindex=\"-1\" >\n\t\t\tRead more \u00bb\t\t<\/a>\n\n\t\t\t\t<\/div>\n\t\t\t\t<\/article>\n\t\t\t\t<article class=\"elementor-post elementor-grid-item post-2601 post type-post status-publish format-standard has-post-thumbnail hentry category-news\" role=\"listitem\">\n\t\t\t\t<a class=\"elementor-post__thumbnail__link\" href=\"https:\/\/grupacbar.com\/en\/2024\/06\/16\/gastos-por-vender-una-vivienda-en-2024\/\" tabindex=\"-1\" >\n\t\t\t<div class=\"elementor-post__thumbnail\"><img decoding=\"async\" width=\"300\" height=\"300\" src=\"https:\/\/grupacbar.com\/wp-content\/uploads\/2024\/07\/Gastos-vivienda-300x300.jpg\" class=\"attachment-medium size-medium wp-image-2602\" alt=\"\" srcset=\"https:\/\/grupacbar.com\/wp-content\/uploads\/2024\/07\/Gastos-vivienda-300x300.jpg 300w, https:\/\/grupacbar.com\/wp-content\/uploads\/2024\/07\/Gastos-vivienda-100x100.jpg 100w, https:\/\/grupacbar.com\/wp-content\/uploads\/2024\/07\/Gastos-vivienda-600x600.jpg 600w, https:\/\/grupacbar.com\/wp-content\/uploads\/2024\/07\/Gastos-vivienda-150x150.jpg 150w, https:\/\/grupacbar.com\/wp-content\/uploads\/2024\/07\/Gastos-vivienda.jpg 750w\" sizes=\"(max-width: 300px) 100vw, 300px\" \/><\/div>\n\t\t<\/a>\n\t\t\t\t<div class=\"elementor-post__text\">\n\t\t\t\t<h3 class=\"elementor-post__title\">\n\t\t\t<a href=\"https:\/\/grupacbar.com\/en\/2024\/06\/16\/gastos-por-vender-una-vivienda-en-2024\/\" >\n\t\t\t\tGastos por vender una vivienda en 2024\t\t\t<\/a>\n\t\t<\/h3>\n\t\t\t\t<div class=\"elementor-post__meta-data\">\n\t\t\t\t\t<span class=\"elementor-post-date\">\n\t\t\t16 de June de 2024\t\t<\/span>\n\t\t\t\t<\/div>\n\t\t\t\t<div class=\"elementor-post__excerpt\">\n\t\t\t<p>\u00bfQuieres vender tu casa y no sabes cu\u00e1ntos gastos te supone? Realmente no existe un simulador que haga el c\u00e1lculo autom\u00e1tico, ya que depende de diversos factores. <\/p>\n\t\t<\/div>\n\t\t\n\t\t<a class=\"elementor-post__read-more\" href=\"https:\/\/grupacbar.com\/en\/2024\/06\/16\/gastos-por-vender-una-vivienda-en-2024\/\" aria-label=\"Read more about Gastos por vender una vivienda en 2024\" tabindex=\"-1\" >\n\t\t\tRead more \u00bb\t\t<\/a>\n\n\t\t\t\t<\/div>\n\t\t\t\t<\/article>\n\t\t\t\t<article class=\"elementor-post elementor-grid-item post-2604 post type-post status-publish format-standard has-post-thumbnail hentry category-news\" role=\"listitem\">\n\t\t\t\t<a class=\"elementor-post__thumbnail__link\" href=\"https:\/\/grupacbar.com\/en\/2024\/06\/08\/consejos-para-combatir-el-calor-en-casa-y-ahorrar-energia\/\" tabindex=\"-1\" >\n\t\t\t<div class=\"elementor-post__thumbnail\"><img decoding=\"async\" width=\"300\" height=\"300\" src=\"https:\/\/grupacbar.com\/wp-content\/uploads\/2024\/07\/Consejos-300x300.jpg\" class=\"attachment-medium size-medium wp-image-2605\" alt=\"\" srcset=\"https:\/\/grupacbar.com\/wp-content\/uploads\/2024\/07\/Consejos-300x300.jpg 300w, https:\/\/grupacbar.com\/wp-content\/uploads\/2024\/07\/Consejos-100x100.jpg 100w, https:\/\/grupacbar.com\/wp-content\/uploads\/2024\/07\/Consejos-600x600.jpg 600w, https:\/\/grupacbar.com\/wp-content\/uploads\/2024\/07\/Consejos-1024x1024.jpg 1024w, https:\/\/grupacbar.com\/wp-content\/uploads\/2024\/07\/Consejos-150x150.jpg 150w, https:\/\/grupacbar.com\/wp-content\/uploads\/2024\/07\/Consejos-768x768.jpg 768w, https:\/\/grupacbar.com\/wp-content\/uploads\/2024\/07\/Consejos.jpg 1080w\" sizes=\"(max-width: 300px) 100vw, 300px\" \/><\/div>\n\t\t<\/a>\n\t\t\t\t<div class=\"elementor-post__text\">\n\t\t\t\t<h3 class=\"elementor-post__title\">\n\t\t\t<a href=\"https:\/\/grupacbar.com\/en\/2024\/06\/08\/consejos-para-combatir-el-calor-en-casa-y-ahorrar-energia\/\" >\n\t\t\t\tConsejos para combatir el calor en casa y ahorrar energ\u00eda\t\t\t<\/a>\n\t\t<\/h3>\n\t\t\t\t<div class=\"elementor-post__meta-data\">\n\t\t\t\t\t<span class=\"elementor-post-date\">\n\t\t\t8 de June de 2024\t\t<\/span>\n\t\t\t\t<\/div>\n\t\t\t\t<div class=\"elementor-post__excerpt\">\n\t\t\t<p>Con la llegada del buen tiempo, toca ponerse manos a la obra con muchas cosas en el hogar. Llegan las altas temperaturas y conviene dejarlo todo preparado para sobrellevarlas. Y es que tantas horas de sol terminan por calentar las casas y conciliar el sue\u00f1o puede ser dif\u00edcil.  <\/p>\n\t\t<\/div>\n\t\t\n\t\t<a class=\"elementor-post__read-more\" href=\"https:\/\/grupacbar.com\/en\/2024\/06\/08\/consejos-para-combatir-el-calor-en-casa-y-ahorrar-energia\/\" aria-label=\"Read more about Consejos para combatir el calor en casa y ahorrar energ\u00eda\" tabindex=\"-1\" >\n\t\t\tRead more \u00bb\t\t<\/a>\n\n\t\t\t\t<\/div>\n\t\t\t\t<\/article>\n\t\t\t\t<article class=\"elementor-post elementor-grid-item post-2607 post type-post status-publish format-standard has-post-thumbnail hentry category-news\" role=\"listitem\">\n\t\t\t\t<a class=\"elementor-post__thumbnail__link\" href=\"https:\/\/grupacbar.com\/en\/2024\/06\/02\/tendencias-de-decoracion-para-este-verano\/\" tabindex=\"-1\" >\n\t\t\t<div class=\"elementor-post__thumbnail\"><img loading=\"lazy\" decoding=\"async\" width=\"300\" height=\"300\" src=\"https:\/\/grupacbar.com\/wp-content\/uploads\/2024\/07\/Tendencias-300x300.jpg\" class=\"attachment-medium size-medium wp-image-2608\" alt=\"\" srcset=\"https:\/\/grupacbar.com\/wp-content\/uploads\/2024\/07\/Tendencias-300x300.jpg 300w, https:\/\/grupacbar.com\/wp-content\/uploads\/2024\/07\/Tendencias-100x100.jpg 100w, https:\/\/grupacbar.com\/wp-content\/uploads\/2024\/07\/Tendencias-600x600.jpg 600w, https:\/\/grupacbar.com\/wp-content\/uploads\/2024\/07\/Tendencias-150x150.jpg 150w, https:\/\/grupacbar.com\/wp-content\/uploads\/2024\/07\/Tendencias.jpg 750w\" sizes=\"(max-width: 300px) 100vw, 300px\" \/><\/div>\n\t\t<\/a>\n\t\t\t\t<div class=\"elementor-post__text\">\n\t\t\t\t<h3 class=\"elementor-post__title\">\n\t\t\t<a href=\"https:\/\/grupacbar.com\/en\/2024\/06\/02\/tendencias-de-decoracion-para-este-verano\/\" >\n\t\t\t\tTendencias de decoraci\u00f3n para este verano\t\t\t<\/a>\n\t\t<\/h3>\n\t\t\t\t<div class=\"elementor-post__meta-data\">\n\t\t\t\t\t<span class=\"elementor-post-date\">\n\t\t\t2 de June de 2024\t\t<\/span>\n\t\t\t\t<\/div>\n\t\t\t\t<div class=\"elementor-post__excerpt\">\n\t\t\t<p>Llega el momento de dar un aire m\u00e1s veraniego a tu hogar. La llegada del verano es el momento perfecto para renovar nuestro hogar e impregnarlo de un esp\u00edritu mucho m\u00e1s fresco, revitalizante, con colores fr\u00edos y alegres. <\/p>\n\t\t<\/div>\n\t\t\n\t\t<a class=\"elementor-post__read-more\" href=\"https:\/\/grupacbar.com\/en\/2024\/06\/02\/tendencias-de-decoracion-para-este-verano\/\" aria-label=\"Read more about Tendencias de decoraci\u00f3n para este verano\" tabindex=\"-1\" >\n\t\t\tRead more \u00bb\t\t<\/a>\n\n\t\t\t\t<\/div>\n\t\t\t\t<\/article>\n\t\t\t\t<article class=\"elementor-post elementor-grid-item post-2610 post type-post status-publish format-standard has-post-thumbnail hentry category-news\" role=\"listitem\">\n\t\t\t\t<a class=\"elementor-post__thumbnail__link\" href=\"https:\/\/grupacbar.com\/en\/2024\/05\/25\/que-es-el-boletin-electrico\/\" tabindex=\"-1\" >\n\t\t\t<div class=\"elementor-post__thumbnail\"><img loading=\"lazy\" decoding=\"async\" width=\"300\" height=\"300\" src=\"https:\/\/grupacbar.com\/wp-content\/uploads\/2024\/07\/Boletin-electrico-300x300.jpg\" class=\"attachment-medium size-medium wp-image-2611\" alt=\"\" srcset=\"https:\/\/grupacbar.com\/wp-content\/uploads\/2024\/07\/Boletin-electrico-300x300.jpg 300w, https:\/\/grupacbar.com\/wp-content\/uploads\/2024\/07\/Boletin-electrico-100x100.jpg 100w, https:\/\/grupacbar.com\/wp-content\/uploads\/2024\/07\/Boletin-electrico-600x600.jpg 600w, https:\/\/grupacbar.com\/wp-content\/uploads\/2024\/07\/Boletin-electrico-150x150.jpg 150w, https:\/\/grupacbar.com\/wp-content\/uploads\/2024\/07\/Boletin-electrico.jpg 750w\" sizes=\"(max-width: 300px) 100vw, 300px\" \/><\/div>\n\t\t<\/a>\n\t\t\t\t<div class=\"elementor-post__text\">\n\t\t\t\t<h3 class=\"elementor-post__title\">\n\t\t\t<a href=\"https:\/\/grupacbar.com\/en\/2024\/05\/25\/que-es-el-boletin-electrico\/\" >\n\t\t\t\t\u00bfQu\u00e9 es el bolet\u00edn el\u00e9ctrico?\t\t\t<\/a>\n\t\t<\/h3>\n\t\t\t\t<div class=\"elementor-post__meta-data\">\n\t\t\t\t\t<span class=\"elementor-post-date\">\n\t\t\t25 de May de 2024\t\t<\/span>\n\t\t\t\t<\/div>\n\t\t\t\t<div class=\"elementor-post__excerpt\">\n\t\t\t<p>El bolet\u00edn el\u00e9ctrico es un documento b\u00e1sico para tener luz en casa. Tambi\u00e9n conocido como bolet\u00edn de luz o de instalaci\u00f3n el\u00e9ctrica es un documento con el que debes contar si quieres tener electricidad en tu hogar, por esto es importante que sepas c\u00f3mo obtenerlo&#8230; <\/p>\n\t\t<\/div>\n\t\t\n\t\t<a class=\"elementor-post__read-more\" href=\"https:\/\/grupacbar.com\/en\/2024\/05\/25\/que-es-el-boletin-electrico\/\" aria-label=\"Read more about \u00bfQu\u00e9 es el bolet\u00edn el\u00e9ctrico?\" tabindex=\"-1\" >\n\t\t\tRead more \u00bb\t\t<\/a>\n\n\t\t\t\t<\/div>\n\t\t\t\t<\/article>\n\t\t\t\t<\/div>\n\t\t\n\t\t\t\t\t\t<\/div>\n\t\t\t\t<\/div>\n\t\t\t\t<\/div>\n\t\t\t\t<\/div>\n\t\t","protected":false},"excerpt":{"rendered":"<p>Blog AcBar From our blog AcBar Finques i Patrimonis we publish bulletins and information with content related to property administration, community of owners, asset management and rental management, reporting on the latest developments in regulations, laws and relevant information of all kinds. Frequently access the Acbar blog or follow us on Facebook, Linkedin or Instagram &#8230; <a title=\"\u00bfQu\u00e9 es el bolet\u00edn el\u00e9ctrico?\" class=\"read-more\" href=\"https:\/\/grupacbar.com\/en\/2024\/05\/25\/que-es-el-boletin-electrico\/\" aria-label=\"Read more about \u00bfQu\u00e9 es el bolet\u00edn el\u00e9ctrico?\">Read more<\/a><\/p>\n","protected":false},"author":1,"featured_media":0,"parent":0,"menu_order":0,"comment_status":"closed","ping_status":"closed","template":"","meta":{"footnotes":""},"class_list":["post-2519","page","type-page","status-publish","hentry"],"yoast_head":"<!-- This site is optimized with the Yoast SEO plugin v27.4 - https:\/\/yoast.com\/product\/yoast-seo-wordpress\/ -->\n<title>News and current articles blog | Acbar Finques i Patrimonis<\/title>\n<meta name=\"description\" content=\"Here you will find our blog with news and current articles from Grup Acbar\" \/>\n<meta name=\"robots\" content=\"index, follow, max-snippet:-1, max-image-preview:large, max-video-preview:-1\" \/>\n<link rel=\"canonical\" href=\"https:\/\/grupacbar.com\/en\/blog-acbar\/\" \/>\n<meta property=\"og:locale\" content=\"en_US\" \/>\n<meta property=\"og:type\" content=\"article\" \/>\n<meta property=\"og:title\" content=\"News and current articles blog | Acbar Finques i Patrimonis\" \/>\n<meta property=\"og:description\" content=\"Here you will find our blog with news and current articles from Grup Acbar\" \/>\n<meta property=\"og:url\" content=\"https:\/\/grupacbar.com\/en\/blog-acbar\/\" \/>\n<meta property=\"og:site_name\" content=\"AcBar Finques i Patrimonis\" \/>\n<meta property=\"article:publisher\" content=\"https:\/\/www.facebook.com\/BarreroAsociados\/\" \/>\n<meta property=\"article:modified_time\" content=\"2025-01-26T10:28:43+00:00\" \/>\n<meta name=\"twitter:card\" content=\"summary_large_image\" \/>\n<script type=\"application\/ld+json\" class=\"yoast-schema-graph\">{\"@context\":\"https:\\\/\\\/schema.org\",\"@graph\":[{\"@type\":\"WebPage\",\"@id\":\"https:\\\/\\\/grupacbar.com\\\/en\\\/blog-acbar\\\/\",\"url\":\"https:\\\/\\\/grupacbar.com\\\/en\\\/blog-acbar\\\/\",\"name\":\"News and current articles blog | Acbar Finques i Patrimonis\",\"isPartOf\":{\"@id\":\"https:\\\/\\\/grupacbar.com\\\/en\\\/#website\"},\"datePublished\":\"2024-08-27T17:07:04+00:00\",\"dateModified\":\"2025-01-26T10:28:43+00:00\",\"description\":\"Here you will find our blog with news and current articles from Grup Acbar\",\"breadcrumb\":{\"@id\":\"https:\\\/\\\/grupacbar.com\\\/en\\\/blog-acbar\\\/#breadcrumb\"},\"inLanguage\":\"en-US\",\"potentialAction\":[{\"@type\":\"ReadAction\",\"target\":[\"https:\\\/\\\/grupacbar.com\\\/en\\\/blog-acbar\\\/\"]}]},{\"@type\":\"BreadcrumbList\",\"@id\":\"https:\\\/\\\/grupacbar.com\\\/en\\\/blog-acbar\\\/#breadcrumb\",\"itemListElement\":[{\"@type\":\"ListItem\",\"position\":1,\"name\":\"Inicio\",\"item\":\"https:\\\/\\\/grupacbar.com\\\/en\\\/home\\\/\"},{\"@type\":\"ListItem\",\"position\":2,\"name\":\"Blog AcBar\"}]},{\"@type\":\"WebSite\",\"@id\":\"https:\\\/\\\/grupacbar.com\\\/en\\\/#website\",\"url\":\"https:\\\/\\\/grupacbar.com\\\/en\\\/\",\"name\":\"AcBar Finques i Patrimonis\",\"description\":\"\",\"publisher\":{\"@id\":\"https:\\\/\\\/grupacbar.com\\\/en\\\/#organization\"},\"alternateName\":\"AcBar Finques i Patrimonis\",\"potentialAction\":[{\"@type\":\"SearchAction\",\"target\":{\"@type\":\"EntryPoint\",\"urlTemplate\":\"https:\\\/\\\/grupacbar.com\\\/en\\\/?s={search_term_string}\"},\"query-input\":{\"@type\":\"PropertyValueSpecification\",\"valueRequired\":true,\"valueName\":\"search_term_string\"}}],\"inLanguage\":\"en-US\"},{\"@type\":\"Organization\",\"@id\":\"https:\\\/\\\/grupacbar.com\\\/en\\\/#organization\",\"name\":\"AcBar Finques i Patrimonis\",\"alternateName\":\"AcBar Grup\",\"url\":\"https:\\\/\\\/grupacbar.com\\\/en\\\/\",\"logo\":{\"@type\":\"ImageObject\",\"inLanguage\":\"en-US\",\"@id\":\"https:\\\/\\\/grupacbar.com\\\/en\\\/#\\\/schema\\\/logo\\\/image\\\/\",\"url\":\"https:\\\/\\\/grupacbar.com\\\/wp-content\\\/uploads\\\/2025\\\/03\\\/logo-grupacbar.png\",\"contentUrl\":\"https:\\\/\\\/grupacbar.com\\\/wp-content\\\/uploads\\\/2025\\\/03\\\/logo-grupacbar.png\",\"width\":268,\"height\":90,\"caption\":\"AcBar Finques i Patrimonis\"},\"image\":{\"@id\":\"https:\\\/\\\/grupacbar.com\\\/en\\\/#\\\/schema\\\/logo\\\/image\\\/\"},\"sameAs\":[\"https:\\\/\\\/www.facebook.com\\\/BarreroAsociados\\\/\",\"https:\\\/\\\/www.youtube.com\\\/@AcBarGrup\",\"https:\\\/\\\/www.instagram.com\\\/acbarfinquesipatrimonis\\\/\"]}]}<\/script>\n<!-- \/ Yoast SEO plugin. -->","yoast_head_json":{"title":"News and current articles blog | Acbar Finques i Patrimonis","description":"Here you will find our blog with news and current articles from Grup Acbar","robots":{"index":"index","follow":"follow","max-snippet":"max-snippet:-1","max-image-preview":"max-image-preview:large","max-video-preview":"max-video-preview:-1"},"canonical":"https:\/\/grupacbar.com\/en\/blog-acbar\/","og_locale":"en_US","og_type":"article","og_title":"News and current articles blog | Acbar Finques i Patrimonis","og_description":"Here you will find our blog with news and current articles from Grup Acbar","og_url":"https:\/\/grupacbar.com\/en\/blog-acbar\/","og_site_name":"AcBar Finques i Patrimonis","article_publisher":"https:\/\/www.facebook.com\/BarreroAsociados\/","article_modified_time":"2025-01-26T10:28:43+00:00","twitter_card":"summary_large_image","schema":{"@context":"https:\/\/schema.org","@graph":[{"@type":"WebPage","@id":"https:\/\/grupacbar.com\/en\/blog-acbar\/","url":"https:\/\/grupacbar.com\/en\/blog-acbar\/","name":"News and current articles blog | Acbar Finques i Patrimonis","isPartOf":{"@id":"https:\/\/grupacbar.com\/en\/#website"},"datePublished":"2024-08-27T17:07:04+00:00","dateModified":"2025-01-26T10:28:43+00:00","description":"Here you will find our blog with news and current articles from Grup Acbar","breadcrumb":{"@id":"https:\/\/grupacbar.com\/en\/blog-acbar\/#breadcrumb"},"inLanguage":"en-US","potentialAction":[{"@type":"ReadAction","target":["https:\/\/grupacbar.com\/en\/blog-acbar\/"]}]},{"@type":"BreadcrumbList","@id":"https:\/\/grupacbar.com\/en\/blog-acbar\/#breadcrumb","itemListElement":[{"@type":"ListItem","position":1,"name":"Inicio","item":"https:\/\/grupacbar.com\/en\/home\/"},{"@type":"ListItem","position":2,"name":"Blog AcBar"}]},{"@type":"WebSite","@id":"https:\/\/grupacbar.com\/en\/#website","url":"https:\/\/grupacbar.com\/en\/","name":"AcBar Finques i Patrimonis","description":"","publisher":{"@id":"https:\/\/grupacbar.com\/en\/#organization"},"alternateName":"AcBar Finques i Patrimonis","potentialAction":[{"@type":"SearchAction","target":{"@type":"EntryPoint","urlTemplate":"https:\/\/grupacbar.com\/en\/?s={search_term_string}"},"query-input":{"@type":"PropertyValueSpecification","valueRequired":true,"valueName":"search_term_string"}}],"inLanguage":"en-US"},{"@type":"Organization","@id":"https:\/\/grupacbar.com\/en\/#organization","name":"AcBar Finques i Patrimonis","alternateName":"AcBar Grup","url":"https:\/\/grupacbar.com\/en\/","logo":{"@type":"ImageObject","inLanguage":"en-US","@id":"https:\/\/grupacbar.com\/en\/#\/schema\/logo\/image\/","url":"https:\/\/grupacbar.com\/wp-content\/uploads\/2025\/03\/logo-grupacbar.png","contentUrl":"https:\/\/grupacbar.com\/wp-content\/uploads\/2025\/03\/logo-grupacbar.png","width":268,"height":90,"caption":"AcBar Finques i Patrimonis"},"image":{"@id":"https:\/\/grupacbar.com\/en\/#\/schema\/logo\/image\/"},"sameAs":["https:\/\/www.facebook.com\/BarreroAsociados\/","https:\/\/www.youtube.com\/@AcBarGrup","https:\/\/www.instagram.com\/acbarfinquesipatrimonis\/"]}]}},"_links":{"self":[{"href":"https:\/\/grupacbar.com\/en\/wp-json\/wp\/v2\/pages\/2519","targetHints":{"allow":["GET"]}}],"collection":[{"href":"https:\/\/grupacbar.com\/en\/wp-json\/wp\/v2\/pages"}],"about":[{"href":"https:\/\/grupacbar.com\/en\/wp-json\/wp\/v2\/types\/page"}],"author":[{"embeddable":true,"href":"https:\/\/grupacbar.com\/en\/wp-json\/wp\/v2\/users\/1"}],"replies":[{"embeddable":true,"href":"https:\/\/grupacbar.com\/en\/wp-json\/wp\/v2\/comments?post=2519"}],"version-history":[{"count":5,"href":"https:\/\/grupacbar.com\/en\/wp-json\/wp\/v2\/pages\/2519\/revisions"}],"predecessor-version":[{"id":2653,"href":"https:\/\/grupacbar.com\/en\/wp-json\/wp\/v2\/pages\/2519\/revisions\/2653"}],"wp:attachment":[{"href":"https:\/\/grupacbar.com\/en\/wp-json\/wp\/v2\/media?parent=2519"}],"curies":[{"name":"wp","href":"https:\/\/api.w.org\/{rel}","templated":true}]}}