{"id":3131,"date":"2025-11-25T11:00:50","date_gmt":"2025-11-25T10:00:50","guid":{"rendered":"https:\/\/grupacbar.com\/complete-purchase\/"},"modified":"2026-01-12T11:32:23","modified_gmt":"2026-01-12T10:32:23","slug":"complete-purchase","status":"publish","type":"page","link":"https:\/\/grupacbar.com\/en\/complete-purchase\/","title":{"rendered":"Complete purchase"},"content":{"rendered":"\t\t<div data-elementor-type=\"wp-page\" data-elementor-id=\"3131\" class=\"elementor elementor-3131 elementor-2928\" data-elementor-post-type=\"page\">\n\t\t\t\t<div class=\"elementor-element elementor-element-adf934c e-flex e-con-boxed e-con e-parent\" data-id=\"adf934c\" data-element_type=\"container\" data-e-type=\"container\" data-settings=\"{&quot;jet_parallax_layout_list&quot;:[]}\">\n\t\t\t\t\t<div class=\"e-con-inner\">\n\t\t\t\t<div class=\"elementor-element elementor-element-b24b566 elementor-widget elementor-widget-heading\" data-id=\"b24b566\" data-element_type=\"widget\" data-e-type=\"widget\" data-widget_type=\"heading.default\">\n\t\t\t\t<div class=\"elementor-widget-container\">\n\t\t\t\t\t<h1 class=\"elementor-heading-title elementor-size-default\">Complete purchase<\/h1>\t\t\t\t<\/div>\n\t\t\t\t<\/div>\n\t\t\t\t<div class=\"elementor-element elementor-element-97193a2 e-checkout-layout-one-column elementor-widget elementor-widget-woocommerce-checkout-page\" data-id=\"97193a2\" data-element_type=\"widget\" data-e-type=\"widget\" data-widget_type=\"woocommerce-checkout-page.default\">\n\t\t\t\t<div class=\"elementor-widget-container\">\n\t\t\t\t\t<div class=\"woocommerce\"><\/div>\t\t\t\t<\/div>\n\t\t\t\t<\/div>\n\t\t\t\t\t<\/div>\n\t\t\t\t<\/div>\n\t\t\t\t<\/div>\n\t\t","protected":false},"excerpt":{"rendered":"<p>Complete purchase Details Confirme su email para env\u00edo de certificado&nbsp;* Summary Producto Subtotal Solicitud de Listado informativo para la declaraci\u00f3n de la Renta&nbsp; &times;&nbsp;1 Direcci\u00f3n del inmueble o comunidad: dasd Entidad del inmueble: adsas C\u00f3digo de entidad \/ comunidad: dasd \u00bfTiene m\u00e1s entidades en el edificio?: No \u00bfCu\u00e1ntos certificados necesita?: 1 \u00bfHay uno o varios &#8230; <a title=\"Complete purchase\" class=\"read-more\" href=\"https:\/\/grupacbar.com\/en\/complete-purchase\/\" aria-label=\"Read more about Complete purchase\">Read more<\/a><\/p>\n","protected":false},"author":1,"featured_media":0,"parent":0,"menu_order":0,"comment_status":"closed","ping_status":"closed","template":"","meta":{"footnotes":""},"class_list":["post-3131","page","type-page","status-publish"],"yoast_head":"<!-- This site is optimized with the Yoast SEO plugin v27.4 - https:\/\/yoast.com\/product\/yoast-seo-wordpress\/ -->\n<title>Complete purchase | AcBar Finques i Patrimonis<\/title>\n<meta name=\"robots\" content=\"index, follow, max-snippet:-1, max-image-preview:large, max-video-preview:-1\" \/>\n<link rel=\"canonical\" href=\"https:\/\/grupacbar.com\/en\/complete-purchase\/\" \/>\n<meta property=\"og:locale\" content=\"en_US\" \/>\n<meta property=\"og:type\" content=\"article\" \/>\n<meta property=\"og:title\" content=\"Complete purchase | AcBar Finques i Patrimonis\" \/>\n<meta property=\"og:description\" content=\"Complete purchase Details Confirme su email para env\u00edo de certificado&nbsp;* Summary Producto Subtotal Solicitud de Listado informativo para la declaraci\u00f3n de la Renta&nbsp; &times;&nbsp;1 Direcci\u00f3n del inmueble o comunidad: dasd Entidad del inmueble: adsas C\u00f3digo de entidad \/ comunidad: dasd \u00bfTiene m\u00e1s entidades en el edificio?: No \u00bfCu\u00e1ntos certificados necesita?: 1 \u00bfHay uno o varios ... Read more\" \/>\n<meta property=\"og:url\" content=\"https:\/\/grupacbar.com\/en\/complete-purchase\/\" \/>\n<meta property=\"og:site_name\" content=\"AcBar Finques i Patrimonis\" \/>\n<meta property=\"article:publisher\" content=\"https:\/\/www.facebook.com\/BarreroAsociados\/\" \/>\n<meta property=\"article:modified_time\" content=\"2026-01-12T10:32:23+00:00\" \/>\n<meta property=\"og:image\" content=\"https:\/\/grupacbar.com\/wp-content\/plugins\/gravityforms\/images\/tick.png\" \/>\n<meta name=\"twitter:card\" content=\"summary_large_image\" \/>\n<meta name=\"twitter:label1\" content=\"Est. reading time\" \/>\n\t<meta name=\"twitter:data1\" content=\"1 minute\" \/>\n<script type=\"application\/ld+json\" class=\"yoast-schema-graph\">{\"@context\":\"https:\\\/\\\/schema.org\",\"@graph\":[{\"@type\":\"WebPage\",\"@id\":\"https:\\\/\\\/grupacbar.com\\\/en\\\/complete-purchase\\\/\",\"url\":\"https:\\\/\\\/grupacbar.com\\\/en\\\/complete-purchase\\\/\",\"name\":\"Complete purchase | AcBar Finques i Patrimonis\",\"isPartOf\":{\"@id\":\"https:\\\/\\\/grupacbar.com\\\/en\\\/#website\"},\"primaryImageOfPage\":{\"@id\":\"https:\\\/\\\/grupacbar.com\\\/en\\\/complete-purchase\\\/#primaryimage\"},\"image\":{\"@id\":\"https:\\\/\\\/grupacbar.com\\\/en\\\/complete-purchase\\\/#primaryimage\"},\"thumbnailUrl\":\"https:\\\/\\\/grupacbar.com\\\/wp-content\\\/plugins\\\/gravityforms\\\/images\\\/tick.png\",\"datePublished\":\"2025-11-25T10:00:50+00:00\",\"dateModified\":\"2026-01-12T10:32:23+00:00\",\"breadcrumb\":{\"@id\":\"https:\\\/\\\/grupacbar.com\\\/en\\\/complete-purchase\\\/#breadcrumb\"},\"inLanguage\":\"en-US\",\"potentialAction\":[{\"@type\":\"ReadAction\",\"target\":[\"https:\\\/\\\/grupacbar.com\\\/en\\\/complete-purchase\\\/\"]}]},{\"@type\":\"ImageObject\",\"inLanguage\":\"en-US\",\"@id\":\"https:\\\/\\\/grupacbar.com\\\/en\\\/complete-purchase\\\/#primaryimage\",\"url\":\"https:\\\/\\\/grupacbar.com\\\/wp-content\\\/plugins\\\/gravityforms\\\/images\\\/tick.png\",\"contentUrl\":\"https:\\\/\\\/grupacbar.com\\\/wp-content\\\/plugins\\\/gravityforms\\\/images\\\/tick.png\"},{\"@type\":\"BreadcrumbList\",\"@id\":\"https:\\\/\\\/grupacbar.com\\\/en\\\/complete-purchase\\\/#breadcrumb\",\"itemListElement\":[{\"@type\":\"ListItem\",\"position\":1,\"name\":\"Inicio\",\"item\":\"https:\\\/\\\/grupacbar.com\\\/en\\\/home\\\/\"},{\"@type\":\"ListItem\",\"position\":2,\"name\":\"Complete purchase\"}]},{\"@type\":\"WebSite\",\"@id\":\"https:\\\/\\\/grupacbar.com\\\/en\\\/#website\",\"url\":\"https:\\\/\\\/grupacbar.com\\\/en\\\/\",\"name\":\"AcBar Finques i Patrimonis\",\"description\":\"\",\"publisher\":{\"@id\":\"https:\\\/\\\/grupacbar.com\\\/en\\\/#organization\"},\"alternateName\":\"AcBar Finques i Patrimonis\",\"potentialAction\":[{\"@type\":\"SearchAction\",\"target\":{\"@type\":\"EntryPoint\",\"urlTemplate\":\"https:\\\/\\\/grupacbar.com\\\/en\\\/?s={search_term_string}\"},\"query-input\":{\"@type\":\"PropertyValueSpecification\",\"valueRequired\":true,\"valueName\":\"search_term_string\"}}],\"inLanguage\":\"en-US\"},{\"@type\":\"Organization\",\"@id\":\"https:\\\/\\\/grupacbar.com\\\/en\\\/#organization\",\"name\":\"AcBar Finques i Patrimonis\",\"alternateName\":\"AcBar Grup\",\"url\":\"https:\\\/\\\/grupacbar.com\\\/en\\\/\",\"logo\":{\"@type\":\"ImageObject\",\"inLanguage\":\"en-US\",\"@id\":\"https:\\\/\\\/grupacbar.com\\\/en\\\/#\\\/schema\\\/logo\\\/image\\\/\",\"url\":\"https:\\\/\\\/grupacbar.com\\\/wp-content\\\/uploads\\\/2025\\\/03\\\/logo-grupacbar.png\",\"contentUrl\":\"https:\\\/\\\/grupacbar.com\\\/wp-content\\\/uploads\\\/2025\\\/03\\\/logo-grupacbar.png\",\"width\":268,\"height\":90,\"caption\":\"AcBar Finques i Patrimonis\"},\"image\":{\"@id\":\"https:\\\/\\\/grupacbar.com\\\/en\\\/#\\\/schema\\\/logo\\\/image\\\/\"},\"sameAs\":[\"https:\\\/\\\/www.facebook.com\\\/BarreroAsociados\\\/\",\"https:\\\/\\\/www.youtube.com\\\/@AcBarGrup\",\"https:\\\/\\\/www.instagram.com\\\/acbarfinquesipatrimonis\\\/\"]}]}<\/script>\n<!-- \/ Yoast SEO plugin. -->","yoast_head_json":{"title":"Complete purchase | AcBar Finques i Patrimonis","robots":{"index":"index","follow":"follow","max-snippet":"max-snippet:-1","max-image-preview":"max-image-preview:large","max-video-preview":"max-video-preview:-1"},"canonical":"https:\/\/grupacbar.com\/en\/complete-purchase\/","og_locale":"en_US","og_type":"article","og_title":"Complete purchase | AcBar Finques i Patrimonis","og_description":"Complete purchase Details Confirme su email para env\u00edo de certificado&nbsp;* Summary Producto Subtotal Solicitud de Listado informativo para la declaraci\u00f3n de la Renta&nbsp; &times;&nbsp;1 Direcci\u00f3n del inmueble o comunidad: dasd Entidad del inmueble: adsas C\u00f3digo de entidad \/ comunidad: dasd \u00bfTiene m\u00e1s entidades en el edificio?: No \u00bfCu\u00e1ntos certificados necesita?: 1 \u00bfHay uno o varios ... Read more","og_url":"https:\/\/grupacbar.com\/en\/complete-purchase\/","og_site_name":"AcBar Finques i Patrimonis","article_publisher":"https:\/\/www.facebook.com\/BarreroAsociados\/","article_modified_time":"2026-01-12T10:32:23+00:00","og_image":[{"url":"https:\/\/grupacbar.com\/wp-content\/plugins\/gravityforms\/images\/tick.png","type":"","width":"","height":""}],"twitter_card":"summary_large_image","twitter_misc":{"Est. reading time":"1 minute"},"schema":{"@context":"https:\/\/schema.org","@graph":[{"@type":"WebPage","@id":"https:\/\/grupacbar.com\/en\/complete-purchase\/","url":"https:\/\/grupacbar.com\/en\/complete-purchase\/","name":"Complete purchase | AcBar Finques i Patrimonis","isPartOf":{"@id":"https:\/\/grupacbar.com\/en\/#website"},"primaryImageOfPage":{"@id":"https:\/\/grupacbar.com\/en\/complete-purchase\/#primaryimage"},"image":{"@id":"https:\/\/grupacbar.com\/en\/complete-purchase\/#primaryimage"},"thumbnailUrl":"https:\/\/grupacbar.com\/wp-content\/plugins\/gravityforms\/images\/tick.png","datePublished":"2025-11-25T10:00:50+00:00","dateModified":"2026-01-12T10:32:23+00:00","breadcrumb":{"@id":"https:\/\/grupacbar.com\/en\/complete-purchase\/#breadcrumb"},"inLanguage":"en-US","potentialAction":[{"@type":"ReadAction","target":["https:\/\/grupacbar.com\/en\/complete-purchase\/"]}]},{"@type":"ImageObject","inLanguage":"en-US","@id":"https:\/\/grupacbar.com\/en\/complete-purchase\/#primaryimage","url":"https:\/\/grupacbar.com\/wp-content\/plugins\/gravityforms\/images\/tick.png","contentUrl":"https:\/\/grupacbar.com\/wp-content\/plugins\/gravityforms\/images\/tick.png"},{"@type":"BreadcrumbList","@id":"https:\/\/grupacbar.com\/en\/complete-purchase\/#breadcrumb","itemListElement":[{"@type":"ListItem","position":1,"name":"Inicio","item":"https:\/\/grupacbar.com\/en\/home\/"},{"@type":"ListItem","position":2,"name":"Complete purchase"}]},{"@type":"WebSite","@id":"https:\/\/grupacbar.com\/en\/#website","url":"https:\/\/grupacbar.com\/en\/","name":"AcBar Finques i Patrimonis","description":"","publisher":{"@id":"https:\/\/grupacbar.com\/en\/#organization"},"alternateName":"AcBar Finques i Patrimonis","potentialAction":[{"@type":"SearchAction","target":{"@type":"EntryPoint","urlTemplate":"https:\/\/grupacbar.com\/en\/?s={search_term_string}"},"query-input":{"@type":"PropertyValueSpecification","valueRequired":true,"valueName":"search_term_string"}}],"inLanguage":"en-US"},{"@type":"Organization","@id":"https:\/\/grupacbar.com\/en\/#organization","name":"AcBar Finques i Patrimonis","alternateName":"AcBar Grup","url":"https:\/\/grupacbar.com\/en\/","logo":{"@type":"ImageObject","inLanguage":"en-US","@id":"https:\/\/grupacbar.com\/en\/#\/schema\/logo\/image\/","url":"https:\/\/grupacbar.com\/wp-content\/uploads\/2025\/03\/logo-grupacbar.png","contentUrl":"https:\/\/grupacbar.com\/wp-content\/uploads\/2025\/03\/logo-grupacbar.png","width":268,"height":90,"caption":"AcBar Finques i Patrimonis"},"image":{"@id":"https:\/\/grupacbar.com\/en\/#\/schema\/logo\/image\/"},"sameAs":["https:\/\/www.facebook.com\/BarreroAsociados\/","https:\/\/www.youtube.com\/@AcBarGrup","https:\/\/www.instagram.com\/acbarfinquesipatrimonis\/"]}]}},"_links":{"self":[{"href":"https:\/\/grupacbar.com\/en\/wp-json\/wp\/v2\/pages\/3131","targetHints":{"allow":["GET"]}}],"collection":[{"href":"https:\/\/grupacbar.com\/en\/wp-json\/wp\/v2\/pages"}],"about":[{"href":"https:\/\/grupacbar.com\/en\/wp-json\/wp\/v2\/types\/page"}],"author":[{"embeddable":true,"href":"https:\/\/grupacbar.com\/en\/wp-json\/wp\/v2\/users\/1"}],"replies":[{"embeddable":true,"href":"https:\/\/grupacbar.com\/en\/wp-json\/wp\/v2\/comments?post=3131"}],"version-history":[{"count":2,"href":"https:\/\/grupacbar.com\/en\/wp-json\/wp\/v2\/pages\/3131\/revisions"}],"predecessor-version":[{"id":3235,"href":"https:\/\/grupacbar.com\/en\/wp-json\/wp\/v2\/pages\/3131\/revisions\/3235"}],"wp:attachment":[{"href":"https:\/\/grupacbar.com\/en\/wp-json\/wp\/v2\/media?parent=3131"}],"curies":[{"name":"wp","href":"https:\/\/api.w.org\/{rel}","templated":true}]}}